
{"id":101,"date":"2023-05-10T14:04:00","date_gmt":"2023-05-10T12:04:00","guid":{"rendered":"https:\/\/zsp25.edu.wroclaw.pl\/?page_id=101"},"modified":"2025-07-06T21:39:14","modified_gmt":"2025-07-06T19:39:14","slug":"plan-lekcji","status":"publish","type":"page","link":"https:\/\/zsp25.edu.wroclaw.pl\/index.php\/szkola-podstawowa\/plan-lekcji\/","title":{"rendered":"Podr\u0119czniki"},"content":{"rendered":"<div class=\"wpb-content-wrapper\"><p>[vc_row][vc_column][vc_column_text css=&#8221;&#8221;]<strong>Poni\u017cej przedstawiamy Szkolny Zestaw Podr\u0119cznik\u00f3w na rok 2025\/2026:<\/strong><\/p>\n<p><span style=\"color: #ff0000\"><strong><a href=\"https:\/\/zsp25.edu.wroclaw.pl\/wp-content\/uploads\/sites\/77\/2025\/07\/Szkolny-zestaw-podrecznikow-rok-szkolny-2025-2026.pdf\">Szkolny zestaw podr\u0119cznik\u00f3w rok szkolny 2025 2026<\/a><\/strong><\/span><\/p>\n<p><span style=\"color: #ff0000\"><strong>Rodzice kupuj\u0105 tylko i wy\u0142\u0105cznie podr\u0119czniki do religii, pozosta\u0142e zakupuje plac\u00f3wka w ramach otrzymanej dotacji.<\/strong><\/span>[\/vc_column_text][\/vc_column][\/vc_row]<\/p>\n<\/div>","protected":false},"excerpt":{"rendered":"<p>[vc_row][vc_column][vc_column_text css=&#8221;&#8221;]Poni\u017cej przedstawiamy Szkolny Zestaw Podr\u0119cznik\u00f3w na rok 2025\/2026: Szkolny zestaw podr\u0119cznik\u00f3w rok szkolny 2025 2026 Rodzice kupuj\u0105 tylko i wy\u0142\u0105cznie podr\u0119czniki do religii, pozosta\u0142e zakupuje plac\u00f3wka w ramach otrzymanej [&hellip;]<\/p>\n","protected":false},"author":7,"featured_media":0,"parent":63,"menu_order":0,"comment_status":"closed","ping_status":"closed","template":"","meta":{"footnotes":""},"class_list":["post-101","page","type-page","status-publish","hentry","clearfix"],"_links":{"self":[{"href":"https:\/\/zsp25.edu.wroclaw.pl\/index.php\/wp-json\/wp\/v2\/pages\/101","targetHints":{"allow":["GET"]}}],"collection":[{"href":"https:\/\/zsp25.edu.wroclaw.pl\/index.php\/wp-json\/wp\/v2\/pages"}],"about":[{"href":"https:\/\/zsp25.edu.wroclaw.pl\/index.php\/wp-json\/wp\/v2\/types\/page"}],"author":[{"embeddable":true,"href":"https:\/\/zsp25.edu.wroclaw.pl\/index.php\/wp-json\/wp\/v2\/users\/7"}],"replies":[{"embeddable":true,"href":"https:\/\/zsp25.edu.wroclaw.pl\/index.php\/wp-json\/wp\/v2\/comments?post=101"}],"version-history":[{"count":7,"href":"https:\/\/zsp25.edu.wroclaw.pl\/index.php\/wp-json\/wp\/v2\/pages\/101\/revisions"}],"predecessor-version":[{"id":6202,"href":"https:\/\/zsp25.edu.wroclaw.pl\/index.php\/wp-json\/wp\/v2\/pages\/101\/revisions\/6202"}],"up":[{"embeddable":true,"href":"https:\/\/zsp25.edu.wroclaw.pl\/index.php\/wp-json\/wp\/v2\/pages\/63"}],"wp:attachment":[{"href":"https:\/\/zsp25.edu.wroclaw.pl\/index.php\/wp-json\/wp\/v2\/media?parent=101"}],"curies":[{"name":"wp","href":"https:\/\/api.w.org\/{rel}","templated":true}]}}