
{"id":106,"date":"2023-05-10T14:07:02","date_gmt":"2023-05-10T12:07:02","guid":{"rendered":"https:\/\/zsp25.edu.wroclaw.pl\/?page_id=106"},"modified":"2024-03-17T20:12:21","modified_gmt":"2024-03-17T19:12:21","slug":"nasza-misja","status":"publish","type":"page","link":"https:\/\/zsp25.edu.wroclaw.pl\/index.php\/szkola-podstawowa\/nasza-misja\/","title":{"rendered":"Nasza misja"},"content":{"rendered":"<p>Nasza szko\u0142a powsta\u0142a\u00a0 w wrze\u015bnia 2023 r.\u00a0 Chcemy, \u017ceby\u00a0nasza szko\u0142a kszta\u0142ci\u0142a uczni\u00f3w tak, aby radzili sobie w\u00a0nieustannie zmieniaj\u0105cym si\u0119 \u015bwiecie oraz\u00a0odwa\u017cnie stawiali czo\u0142a coraz bardziej wymagaj\u0105cej rzeczywisto\u015bci. Najwa\u017cniejszym zadaniem naszej szko\u0142y jest troska o\u00a0ka\u017cde dziecko i\u00a0stworzenie warunk\u00f3w do\u00a0jak najlepszego rozwoju.<\/p>\n<p><strong>Szko\u0142a Podstawowa nr 11 we Wroc\u0142awiu\u00a0 pragnie wychowa\u0107 i wykszta\u0142ci\u0107 m\u0142odego cz\u0142owieka:<\/strong><\/p>\n<ul>\n<li>samodzielnie, krytycznie i odpowiedzialnie my\u015bl\u0105cego;<\/li>\n<li>wra\u017cliwego spo\u0142ecznie, moralnie i estetycznie;<\/li>\n<li>pe\u0142nego pasji w poznawaniu \u015bwiata i otaczaj\u0105cej rzeczywisto\u015bci;<\/li>\n<li>otwartego na kulturow\u0105 odmienno\u015b\u0107, biegle w\u0142adaj\u0105cego j\u0119zykami obcymi;<\/li>\n<li>sprawnego i rozwini\u0119tego ruchowo;<\/li>\n<li>zdolnego do autorefleksji, odpowiedzialnego za sw\u00f3j rozw\u00f3j;<\/li>\n<li>o wysokiej kulturze osobistej, kt\u00f3ry zna i wykorzystuje zasady dobrego wychowania;<\/li>\n<li>kt\u00f3ry ma poczucie sprawczo\u015bci, wyznacza w\u0142asn\u0105 drog\u0119 do realizacji celu i ni\u0105 pod\u0105\u017ca;<\/li>\n<li>przygotowanego na najwy\u017cszym poziomie do kolejnych etap\u00f3w kszta\u0142cenia.<\/li>\n<\/ul>\n<p><strong>Nasza szko\u0142a:<\/strong><\/p>\n<ul>\n<li>jest plac\u00f3wk\u0105 nowoczesn\u0105, przyjazn\u0105 i bezpieczn\u0105, otwart\u0105 na potrzeby dzieci;<\/li>\n<li>stwarza warunki do indywidualnego rozwoju dziecka;<\/li>\n<li>rozwija tw\u00f3rczy potencja\u0142, zainteresowania, pasje i zdolno\u015bci wychowank\u00f3w;<\/li>\n<li>wprowadza dzieci w \u015bwiat warto\u015bci uniwersalnych i norm etycznych;<\/li>\n<li>uczy odwagi w wyra\u017caniu w\u0142asnych pogl\u0105d\u00f3w i tolerancji dla pogl\u0105d\u00f3w innych ludzi;<\/li>\n<li>buduje poczucie przynale\u017cno\u015bci do szkolnej spo\u0142eczno\u015bci opartej na\u00a0 wzajemnym szacunku i przyja\u017ani;<\/li>\n<li>dba o najwy\u017csz\u0105 jako\u015b\u0107 wychowania i edukacji;<\/li>\n<li>preferuje nabywanie wiadomo\u015bci i umiej\u0119tno\u015bci poprzez dzia\u0142anie i do\u015bwiadczanie;<\/li>\n<li>wdra\u017ca i doskonali innowacyjne metody i formy pracy z dzieckiem;<\/li>\n<li>systematycznie monitoruje i diagnozuje osi\u0105gni\u0119cia uczni\u00f3w;<\/li>\n<li>wspiera w procesie dojrzewania do doros\u0142o\u015bci i odpowiedzialno\u015bci;<\/li>\n<li>efektywnie przygotowuje dzieci do podj\u0119cia nauki na kolejnych etapach edukacji.<\/li>\n<\/ul>\n","protected":false},"excerpt":{"rendered":"<p>Nasza szko\u0142a powsta\u0142a\u00a0 w wrze\u015bnia 2023 r.\u00a0 Chcemy, \u017ceby\u00a0nasza szko\u0142a kszta\u0142ci\u0142a uczni\u00f3w tak, aby radzili sobie w\u00a0nieustannie zmieniaj\u0105cym si\u0119 \u015bwiecie oraz\u00a0odwa\u017cnie stawiali czo\u0142a coraz bardziej wymagaj\u0105cej rzeczywisto\u015bci. Najwa\u017cniejszym zadaniem naszej [&hellip;]<\/p>\n","protected":false},"author":7,"featured_media":0,"parent":63,"menu_order":0,"comment_status":"closed","ping_status":"closed","template":"","meta":{"footnotes":""},"class_list":["post-106","page","type-page","status-publish","hentry","clearfix"],"_links":{"self":[{"href":"https:\/\/zsp25.edu.wroclaw.pl\/index.php\/wp-json\/wp\/v2\/pages\/106","targetHints":{"allow":["GET"]}}],"collection":[{"href":"https:\/\/zsp25.edu.wroclaw.pl\/index.php\/wp-json\/wp\/v2\/pages"}],"about":[{"href":"https:\/\/zsp25.edu.wroclaw.pl\/index.php\/wp-json\/wp\/v2\/types\/page"}],"author":[{"embeddable":true,"href":"https:\/\/zsp25.edu.wroclaw.pl\/index.php\/wp-json\/wp\/v2\/users\/7"}],"replies":[{"embeddable":true,"href":"https:\/\/zsp25.edu.wroclaw.pl\/index.php\/wp-json\/wp\/v2\/comments?post=106"}],"version-history":[{"count":4,"href":"https:\/\/zsp25.edu.wroclaw.pl\/index.php\/wp-json\/wp\/v2\/pages\/106\/revisions"}],"predecessor-version":[{"id":2485,"href":"https:\/\/zsp25.edu.wroclaw.pl\/index.php\/wp-json\/wp\/v2\/pages\/106\/revisions\/2485"}],"up":[{"embeddable":true,"href":"https:\/\/zsp25.edu.wroclaw.pl\/index.php\/wp-json\/wp\/v2\/pages\/63"}],"wp:attachment":[{"href":"https:\/\/zsp25.edu.wroclaw.pl\/index.php\/wp-json\/wp\/v2\/media?parent=106"}],"curies":[{"name":"wp","href":"https:\/\/api.w.org\/{rel}","templated":true}]}}