
{"id":125,"date":"2023-05-10T14:26:21","date_gmt":"2023-05-10T12:26:21","guid":{"rendered":"https:\/\/zsp25.edu.wroclaw.pl\/?page_id=125"},"modified":"2026-04-20T08:12:23","modified_gmt":"2026-04-20T06:12:23","slug":"obiady","status":"publish","type":"page","link":"https:\/\/zsp25.edu.wroclaw.pl\/index.php\/szkola-podstawowa\/obiady\/","title":{"rendered":"Harmonogram obiad\u00f3w"},"content":{"rendered":"<div class=\"wpb-content-wrapper\"><p>[vc_row][vc_column][vc_column_text css=&#8221;&#8221;]<a href=\"https:\/\/zsp25.edu.wroclaw.pl\/wp-content\/uploads\/sites\/77\/2025\/11\/Harmonogram-obiadow.pdf\">Harmonogram obiad\u00f3w od 03.11.2025r.<\/a><\/p>\n<p><a href=\"https:\/\/zsp25.edu.wroclaw.pl\/wp-content\/uploads\/sites\/77\/2025\/08\/DEKLARACJA-obiady.pdf\">DEKLARACJA obiady<\/a><\/p>\n<p><span style=\"color: #008000\"><a style=\"color: #008000\" href=\"https:\/\/zsp25.edu.wroclaw.pl\/wp-content\/uploads\/sites\/77\/2026\/04\/SZKOLA_Asfaltowa_MAJ_-2026.pdf\" target=\"_blank\" rel=\"noopener\">MAJ<\/a><\/span><\/p>\n<p><a href=\"https:\/\/zsp25.edu.wroclaw.pl\/wp-content\/uploads\/sites\/77\/2026\/03\/SZKOLA_Asfaltowa_KWIECIEN_-2026.pdf\" target=\"_blank\" rel=\"noopener\"><span style=\"color: #339966\">KWIECIE\u0143<\/span><\/a><\/p>\n<p><a href=\"https:\/\/zsp25.edu.wroclaw.pl\/wp-content\/uploads\/sites\/77\/2026\/02\/SZKOLA_Asfaltowa_MARZEC_-2026-1.pdf\" target=\"_blank\" rel=\"noopener\"><span style=\"color: #008080\">MARZEC<\/span><\/a><\/p>\n<p><span style=\"color: #800080\"><a style=\"color: #800080\" href=\"https:\/\/zsp25.edu.wroclaw.pl\/wp-content\/uploads\/sites\/77\/2026\/01\/SZKOLA_Asfaltowa_LUTY_-2026.pdf\" target=\"_blank\" rel=\"noopener\">LUTY<\/a><\/span><\/p>\n<p><a href=\"https:\/\/zsp25.edu.wroclaw.pl\/wp-content\/uploads\/sites\/77\/2025\/12\/SZKOLA_Asfaltowa_STYCZEN_-2026.pdf\" target=\"_blank\" rel=\"noopener\"><span style=\"color: #333399\">STYCZE\u0143<\/span><\/a><\/p>\n<p><a href=\"https:\/\/zsp25.edu.wroclaw.pl\/wp-content\/uploads\/sites\/77\/2025\/12\/SZKOLA_Asfaltowa_GRUDZIEN_-2025.pdf\" target=\"_blank\" rel=\"noopener\"><span style=\"color: #3366ff\">GRUDZIE\u0143<\/span><\/a><\/p>\n<p><a href=\"https:\/\/zsp25.edu.wroclaw.pl\/wp-content\/uploads\/sites\/77\/2025\/11\/SZKOLA_Asfaltowa_LISTOPAD_-2025.pdf\" target=\"_blank\" rel=\"noopener\"><span style=\"color: #ff0000\">LISTOPAD<\/span><\/a><\/p>\n<p><a href=\"https:\/\/zsp25.edu.wroclaw.pl\/wp-content\/uploads\/sites\/77\/2025\/09\/SZKOLA_Asfaltowa_PAZDZIERNIK_-2025.pdf\" target=\"_blank\" rel=\"noopener\"><span style=\"color: #ff6600\">PA\u0179DZIERNIK<\/span><\/a><\/p>\n<p><a href=\"https:\/\/zsp25.edu.wroclaw.pl\/wp-content\/uploads\/sites\/77\/2025\/08\/SZKOLA_Asfaltowa_wrzesien_-2025.pdf\" target=\"_blank\" rel=\"noopener\"><span style=\"color: #800000\">WRZESIE\u0143<\/span><\/a><\/p>\n<p><a href=\"https:\/\/zsp25.edu.wroclaw.pl\/wp-content\/uploads\/sites\/77\/2024\/06\/Ksiega-receptur_Asfaltowa_czerwiec.pdf\">Ksi\u0119ga receptur &#8211; czerwiec<\/a>[\/vc_column_text][\/vc_column][\/vc_row]<\/p>\n<\/div>","protected":false},"excerpt":{"rendered":"<p>[vc_row][vc_column][vc_column_text css=&#8221;&#8221;]Harmonogram obiad\u00f3w od 03.11.2025r. DEKLARACJA obiady MAJ KWIECIE\u0143 MARZEC LUTY STYCZE\u0143 GRUDZIE\u0143 LISTOPAD PA\u0179DZIERNIK WRZESIE\u0143 Ksi\u0119ga receptur &#8211; czerwiec[\/vc_column_text][\/vc_column][\/vc_row]<\/p>\n","protected":false},"author":7,"featured_media":0,"parent":63,"menu_order":0,"comment_status":"closed","ping_status":"closed","template":"","meta":{"footnotes":""},"class_list":["post-125","page","type-page","status-publish","hentry","clearfix"],"_links":{"self":[{"href":"https:\/\/zsp25.edu.wroclaw.pl\/index.php\/wp-json\/wp\/v2\/pages\/125","targetHints":{"allow":["GET"]}}],"collection":[{"href":"https:\/\/zsp25.edu.wroclaw.pl\/index.php\/wp-json\/wp\/v2\/pages"}],"about":[{"href":"https:\/\/zsp25.edu.wroclaw.pl\/index.php\/wp-json\/wp\/v2\/types\/page"}],"author":[{"embeddable":true,"href":"https:\/\/zsp25.edu.wroclaw.pl\/index.php\/wp-json\/wp\/v2\/users\/7"}],"replies":[{"embeddable":true,"href":"https:\/\/zsp25.edu.wroclaw.pl\/index.php\/wp-json\/wp\/v2\/comments?post=125"}],"version-history":[{"count":39,"href":"https:\/\/zsp25.edu.wroclaw.pl\/index.php\/wp-json\/wp\/v2\/pages\/125\/revisions"}],"predecessor-version":[{"id":8268,"href":"https:\/\/zsp25.edu.wroclaw.pl\/index.php\/wp-json\/wp\/v2\/pages\/125\/revisions\/8268"}],"up":[{"embeddable":true,"href":"https:\/\/zsp25.edu.wroclaw.pl\/index.php\/wp-json\/wp\/v2\/pages\/63"}],"wp:attachment":[{"href":"https:\/\/zsp25.edu.wroclaw.pl\/index.php\/wp-json\/wp\/v2\/media?parent=125"}],"curies":[{"name":"wp","href":"https:\/\/api.w.org\/{rel}","templated":true}]}}