
{"id":132,"date":"2023-05-10T14:47:35","date_gmt":"2023-05-10T12:47:35","guid":{"rendered":"https:\/\/zsp25.edu.wroclaw.pl\/?page_id=132"},"modified":"2026-02-16T13:21:46","modified_gmt":"2026-02-16T12:21:46","slug":"rekrutacja","status":"publish","type":"page","link":"https:\/\/zsp25.edu.wroclaw.pl\/index.php\/rekrutacja\/","title":{"rendered":"Rekrutacja"},"content":{"rendered":"<div class=\"wpb-content-wrapper\"><p>[vc_row][vc_column][vc_column_text css=&#8221;&#8221;]<strong><span style=\"font-size: 20px;color: #993300\">REKRUTACJA DO KLAS PIERWSZYCH &#8211; informacje dla rodzic\u00f3w<\/span><\/strong><\/p>\n<p>Rekrutacja na rok szkolny 2026\/2027 odbywa si\u0119 przy pomocy systemu elektronicznego poprzez stron\u0119<\/p>\n<p style=\"text-align: center\"><strong>https:\/\/rekrutacje.edu.wroclaw.pl\/switcher-public\/<\/strong><\/p>\n<p><a href=\"https:\/\/zsp25.edu.wroclaw.pl\/wp-content\/uploads\/sites\/77\/2026\/01\/ZARZADZENIE-WS-TERMINOW-REKRUTACJI-DO-KLAS-I.pdf\">ZARZ\u0104DZENIE WS TERMIN\u00d3W REKRUTACJI DO KLAS I<\/a><\/p>\n<p><a href=\"https:\/\/zsp25.edu.wroclaw.pl\/wp-content\/uploads\/sites\/77\/2026\/01\/UCHWALA-WS-KRYTERIOW-SP.pdf\">UCHWA\u0141A WS KRYTERI\u00d3W &#8211; SP<\/a><\/p>\n<p><a href=\"https:\/\/zsp25.edu.wroclaw.pl\/wp-content\/uploads\/sites\/77\/2026\/01\/ZASADY-NABORU-KLASY-I-W-SP-2026.doc\">ZASADY NABORU &#8211; KLASY I W SP -2026<\/a><\/p>\n<p>&nbsp;<\/p>\n<p><strong><span style=\"color: #ff0000;font-size: 20px\">REKRUTACJA DO PRZEDSZKOLA &#8211; informacje dla rodzic\u00f3w<\/span><\/strong><\/p>\n<p><span style=\"color: #000000\">Rekrutacja na rok szkolny 2026\/2027 odbywa si\u0119 przy pomocy systemu elektronicznego poprzez stron\u0119\u00a0<\/span><\/p>\n<h3 style=\"text-align: center\"><a href=\"http:\/\/rekrutacje.edu.wroclaw.pl\/\" target=\"_blank\" rel=\"noopener\">rekrutacje.edu.wroclaw.pl<\/a><\/h3>\n<p>&nbsp;<\/p>\n<ol>\n<li><span style=\"color: #339966\"><a style=\"color: #339966\" href=\"https:\/\/zsp25.edu.wroclaw.pl\/wp-content\/uploads\/sites\/77\/2026\/02\/BIULETYN-INFORMACYJNY.pdf\" target=\"_blank\" rel=\"noopener\"><strong>Biuletyn informacyjny<\/strong><\/a><\/span><\/li>\n<li><span style=\"color: #339966\"><a style=\"color: #339966\" href=\"https:\/\/zsp25.edu.wroclaw.pl\/wp-content\/uploads\/sites\/77\/2026\/02\/KOMUNIKAT.docx\" target=\"_blank\" rel=\"noopener\"><strong>Komunikat<\/strong><\/a><\/span><\/li>\n<li><a href=\"https:\/\/zsp25.edu.wroclaw.pl\/wp-content\/uploads\/sites\/77\/2026\/02\/HARMONOGRAM-DLA-RODZICOW-ETAP-PODSTAWOWY.docx\" target=\"_blank\" rel=\"noopener\"><strong><span style=\"color: #339966\">Harmonogram rekrutacji<\/span><\/strong><\/a><\/li>\n<li><a href=\"https:\/\/zsp25.edu.wroclaw.pl\/wp-content\/uploads\/sites\/77\/2026\/02\/HARMONOGRAM-DLA-RODZICOW-ETAP-UZUPELNIAJACY.docx\" target=\"_blank\" rel=\"noopener\"><strong><span style=\"color: #339966\">Harmonogram rekrutacji uzupe\u0142niaj\u0105cej<\/span><\/strong><\/a><\/li>\n<li><a href=\"https:\/\/zsp25.edu.wroclaw.pl\/wp-content\/uploads\/sites\/77\/2026\/02\/INFORMACJE-OGOLNE.docx\" target=\"_blank\" rel=\"noopener\"><strong><span style=\"color: #339966\">Informacje og\u00f3lne<\/span><\/strong><\/a><\/li>\n<li><a href=\"https:\/\/zsp25.edu.wroclaw.pl\/wp-content\/uploads\/sites\/77\/2026\/02\/KONTYNUACJA.docx\" target=\"_blank\" rel=\"noopener\"><strong><span style=\"color: #339966\">Kontynuacje<\/span><\/strong><\/a><\/li>\n<li><a href=\"https:\/\/zsp25.edu.wroclaw.pl\/wp-content\/uploads\/sites\/77\/2026\/02\/KRYTERIA-.docx\" target=\"_blank\" rel=\"noopener\"><strong><span style=\"color: #339966\">Kryteria<\/span><\/strong><\/a><\/li>\n<li><a href=\"https:\/\/zsp25.edu.wroclaw.pl\/wp-content\/uploads\/sites\/77\/2026\/02\/PODSTAWY-PRAWNE.docx\" target=\"_blank\" rel=\"noopener\"><strong><span style=\"color: #339966\">Podstawa prawna<\/span><\/strong><\/a><\/li>\n<li><a href=\"https:\/\/zsp25.edu.wroclaw.pl\/wp-content\/uploads\/sites\/77\/2026\/02\/UDZIAL-W-REKRUTACJI.docx\" target=\"_blank\" rel=\"noopener\"><strong><span style=\"color: #339966\">Udzia\u0142 w rekrutacji<\/span><\/strong><\/a><\/li>\n<li><a href=\"https:\/\/zsp25.edu.wroclaw.pl\/wp-content\/uploads\/sites\/77\/2026\/02\/DZIECI-O-SPECJALNYCH-POTRZEBACH.docx\" target=\"_blank\" rel=\"noopener\"><strong><span style=\"color: #339966\">Dzieci o specjalnych potrzebach edukacyjnych<\/span><\/strong><\/a><\/li>\n<li><span style=\"color: #339966\"><strong><a style=\"color: #339966\" href=\"https:\/\/zsp25.edu.wroclaw.pl\/wp-content\/uploads\/sites\/77\/2026\/02\/DOCHOD.docx\" target=\"_blank\" rel=\"noopener\">Doch\u00f3d<\/a><\/strong><\/span><\/li>\n<li><a href=\"https:\/\/zsp25.edu.wroclaw.pl\/wp-content\/uploads\/sites\/77\/2026\/02\/ODWOLANIA.docx\" target=\"_blank\" rel=\"noopener\"><strong><span style=\"color: #339966\">Odwo\u0142anie<\/span><\/strong><\/a><\/li>\n<li><a href=\"https:\/\/zsp25.edu.wroclaw.pl\/wp-content\/uploads\/sites\/77\/2026\/02\/P-ZARZADZENIE-WS-TERMINOW-REKRUTACJI.pdf\" target=\"_blank\" rel=\"noopener\"><strong><span style=\"color: #339966\">Zarz\u0105dzenie Prezydenta w sprawie termin\u00f3w r<\/span><\/strong><strong><span style=\"color: #339966\">ekrutacji<\/span><\/strong><\/a><\/li>\n<li><a href=\"https:\/\/zsp25.edu.wroclaw.pl\/wp-content\/uploads\/sites\/77\/2025\/01\/10-UCHWALA-WS-KRYTERIOW.pdf\" target=\"_blank\" rel=\"noopener\"><span style=\"color: #339966\"><strong>Uchwa\u0142a Rady Miasta<\/strong> <strong>w sprawie kryteri\u00f3w wraz z liczb\u0105 punkt\u00f3w na drugim etapie post\u0119powania rekrutacyjnego<\/strong><\/span><\/a><\/li>\n<li><a href=\"https:\/\/zsp25.edu.wroclaw.pl\/wp-content\/uploads\/sites\/77\/2026\/02\/WSPARCIE-TECHNICZNE.docx\" target=\"_blank\" rel=\"noopener\"><strong><span style=\"color: #339966\">Wsparcie techniczne<\/span><\/strong><\/a><\/li>\n<\/ol>\n<p>[\/vc_column_text][\/vc_column][\/vc_row]<\/p>\n<\/div>","protected":false},"excerpt":{"rendered":"<p>[vc_row][vc_column][vc_column_text css=&#8221;&#8221;]REKRUTACJA DO KLAS PIERWSZYCH &#8211; informacje dla rodzic\u00f3w Rekrutacja na rok szkolny 2026\/2027 odbywa si\u0119 przy pomocy systemu elektronicznego poprzez stron\u0119 https:\/\/rekrutacje.edu.wroclaw.pl\/switcher-public\/ ZARZ\u0104DZENIE WS TERMIN\u00d3W REKRUTACJI DO KLAS I [&hellip;]<\/p>\n","protected":false},"author":7,"featured_media":0,"parent":0,"menu_order":0,"comment_status":"closed","ping_status":"closed","template":"","meta":{"footnotes":""},"class_list":["post-132","page","type-page","status-publish","hentry","clearfix"],"_links":{"self":[{"href":"https:\/\/zsp25.edu.wroclaw.pl\/index.php\/wp-json\/wp\/v2\/pages\/132","targetHints":{"allow":["GET"]}}],"collection":[{"href":"https:\/\/zsp25.edu.wroclaw.pl\/index.php\/wp-json\/wp\/v2\/pages"}],"about":[{"href":"https:\/\/zsp25.edu.wroclaw.pl\/index.php\/wp-json\/wp\/v2\/types\/page"}],"author":[{"embeddable":true,"href":"https:\/\/zsp25.edu.wroclaw.pl\/index.php\/wp-json\/wp\/v2\/users\/7"}],"replies":[{"embeddable":true,"href":"https:\/\/zsp25.edu.wroclaw.pl\/index.php\/wp-json\/wp\/v2\/comments?post=132"}],"version-history":[{"count":40,"href":"https:\/\/zsp25.edu.wroclaw.pl\/index.php\/wp-json\/wp\/v2\/pages\/132\/revisions"}],"predecessor-version":[{"id":7810,"href":"https:\/\/zsp25.edu.wroclaw.pl\/index.php\/wp-json\/wp\/v2\/pages\/132\/revisions\/7810"}],"wp:attachment":[{"href":"https:\/\/zsp25.edu.wroclaw.pl\/index.php\/wp-json\/wp\/v2\/media?parent=132"}],"curies":[{"name":"wp","href":"https:\/\/api.w.org\/{rel}","templated":true}]}}