
{"id":185,"date":"2023-05-12T12:00:18","date_gmt":"2023-05-12T10:00:18","guid":{"rendered":"https:\/\/zsp25.edu.wroclaw.pl\/?page_id=185"},"modified":"2025-04-24T10:23:30","modified_gmt":"2025-04-24T08:23:30","slug":"o-szkole","status":"publish","type":"page","link":"https:\/\/zsp25.edu.wroclaw.pl\/index.php\/szkola-podstawowa\/o-szkole\/","title":{"rendered":"O szkole"},"content":{"rendered":"<div class=\"wpb-content-wrapper\"><p>[vc_row][vc_column width=&#8221;2\/3&#8243;][vc_cta h2=&#8221;&#8221; css=&#8221;.vc_custom_1745482920731{margin-bottom: 0px !important;padding-top: 0px !important;padding-right: 0px !important;padding-bottom: 0px !important;padding-left: 0px !important;}&#8221;]Szko\u0142a jest nowocze\u015bnie zaprojektowana, z du\u017c\u0105 liczb\u0105 okien, przestronnymi salami i szerokimi korytarzami, na kt\u00f3rych ustawiono m.in szafki dla uczni\u00f3w. W \u015brodku wszystko utrzymane jest w jasnych kolorach. Jest winda, a toalety przystosowane s\u0105 dla os\u00f3b niepe\u0142nosprawnych.<\/p>\n<p>Szko\u0142a jest ekologiczna, na dachu umieszczono panele fotowoltaiczne. W budynku s\u0105 43 \u00a0sale lekcyjne, biblioteka, 6 \u015bwietlic i 5 pracowni komputerowych oraz pracownie tematyczne: plastyczna, muzyczna chemiczna, fizyczna, biologiczna. W szkole znajduj\u0105 si\u0119 3 sale gimnastyczne oraz si\u0142ownia. Teren wok\u00f3\u0142 szko\u0142y r\u00f3wnie\u017c zorganizowano \u00a0tak, aby wszystkie dzieci mia\u0142y mo\u017cliwo\u015b\u0107 aktywnego i bezpiecznego sp\u0119dzania czasu. We wszystkich salach zamontowane s\u0105 monitory interaktywne. Na parterze znajd\u0105 si\u0119 klasy 1-3, na pierwszym pi\u0119trze 4-8. W osobnym parterowym budynku jest przedszkole.<\/p>\n<p>W zespole znajd\u0105 si\u0119 kuchnia z jadalniami dla przedszkola i szko\u0142y. W plac\u00f3wce jest monitoring.[\/vc_cta][\/vc_column][vc_column width=&#8221;1\/3&#8243; css=&#8221;.vc_custom_1737457077215{margin-top: 60px !important;}&#8221;][vc_single_image image=&#8221;3296&#8243; img_size=&#8221;full&#8221; alignment=&#8221;center&#8221; css=&#8221;.vc_custom_1745482992320{margin-top: -30px !important;}&#8221;][\/vc_column][\/vc_row]<\/p>\n<\/div>","protected":false},"excerpt":{"rendered":"<p>[vc_row][vc_column width=&#8221;2\/3&#8243;][vc_cta h2=&#8221;&#8221; css=&#8221;.vc_custom_1745482920731{margin-bottom: 0px !important;padding-top: 0px !important;padding-right: 0px !important;padding-bottom: 0px !important;padding-left: 0px !important;}&#8221;]Szko\u0142a jest nowocze\u015bnie zaprojektowana, z du\u017c\u0105 liczb\u0105 okien, przestronnymi salami i szerokimi korytarzami, na kt\u00f3rych ustawiono m.in [&hellip;]<\/p>\n","protected":false},"author":7,"featured_media":0,"parent":63,"menu_order":0,"comment_status":"closed","ping_status":"closed","template":"","meta":{"footnotes":""},"class_list":["post-185","page","type-page","status-publish","hentry","clearfix"],"_links":{"self":[{"href":"https:\/\/zsp25.edu.wroclaw.pl\/index.php\/wp-json\/wp\/v2\/pages\/185","targetHints":{"allow":["GET"]}}],"collection":[{"href":"https:\/\/zsp25.edu.wroclaw.pl\/index.php\/wp-json\/wp\/v2\/pages"}],"about":[{"href":"https:\/\/zsp25.edu.wroclaw.pl\/index.php\/wp-json\/wp\/v2\/types\/page"}],"author":[{"embeddable":true,"href":"https:\/\/zsp25.edu.wroclaw.pl\/index.php\/wp-json\/wp\/v2\/users\/7"}],"replies":[{"embeddable":true,"href":"https:\/\/zsp25.edu.wroclaw.pl\/index.php\/wp-json\/wp\/v2\/comments?post=185"}],"version-history":[{"count":6,"href":"https:\/\/zsp25.edu.wroclaw.pl\/index.php\/wp-json\/wp\/v2\/pages\/185\/revisions"}],"predecessor-version":[{"id":5466,"href":"https:\/\/zsp25.edu.wroclaw.pl\/index.php\/wp-json\/wp\/v2\/pages\/185\/revisions\/5466"}],"up":[{"embeddable":true,"href":"https:\/\/zsp25.edu.wroclaw.pl\/index.php\/wp-json\/wp\/v2\/pages\/63"}],"wp:attachment":[{"href":"https:\/\/zsp25.edu.wroclaw.pl\/index.php\/wp-json\/wp\/v2\/media?parent=185"}],"curies":[{"name":"wp","href":"https:\/\/api.w.org\/{rel}","templated":true}]}}