
{"id":3332,"date":"2024-08-27T08:57:27","date_gmt":"2024-08-27T06:57:27","guid":{"rendered":"https:\/\/zsp25.edu.wroclaw.pl\/?page_id=3332"},"modified":"2026-04-20T07:26:03","modified_gmt":"2026-04-20T05:26:03","slug":"swietlica","status":"publish","type":"page","link":"https:\/\/zsp25.edu.wroclaw.pl\/index.php\/szkola-podstawowa\/swietlica\/","title":{"rendered":"\u015awietlica"},"content":{"rendered":"<div class=\"wpb-content-wrapper\"><p>[vc_row][vc_column][vc_column_text css=&#8221;&#8221;]<span style=\"font-size: 24px\"><strong>DOKUMENTY:<\/strong><\/span><\/p>\n<p><strong><a href=\"https:\/\/zsp25.edu.wroclaw.pl\/wp-content\/uploads\/sites\/77\/2025\/09\/KARTA-ZAPISU-DZIECKA-DO-SWIETLICY.pdf\">KARTA ZAPISU DZIECKA DO \u015aWIETLICY<\/a><\/strong><\/p>\n<p><strong><a href=\"https:\/\/zsp25.edu.wroclaw.pl\/wp-content\/uploads\/sites\/77\/2024\/10\/Rezygnacja-z-pobytu-ucznia-w-swietlicy-szkolnej.docx\">Rezygnacja z pobytu ucznia w \u015bwietlicy szkolnej<\/a><\/strong><\/p>\n<p><strong><a href=\"https:\/\/zsp25.edu.wroclaw.pl\/wp-content\/uploads\/sites\/77\/2024\/10\/Regulamin-swietlicy-szkolnej.pdf\">Regulamin \u015bwietlicy szkolnej<\/a><\/strong><\/p>\n<p><strong><a href=\"https:\/\/zsp25.edu.wroclaw.pl\/wp-content\/uploads\/sites\/77\/2024\/10\/Zalacznik-nr-3-do-regulminu-swietlicy-szkolnej.pdf\">Za\u0142\u0105cznik nr 3 do regulaminu \u015bwietlicy szkolnej<\/a><\/strong><\/p>\n<p><strong><a href=\"https:\/\/zsp25.edu.wroclaw.pl\/wp-content\/uploads\/sites\/77\/2024\/10\/Regulamin-Neonki.pdf\">Regulamin systemu Neonki<\/a><\/strong><\/p>\n<p><strong><a href=\"https:\/\/zsp25.edu.wroclaw.pl\/wp-content\/uploads\/sites\/77\/2025\/11\/AKTUALIZACJA-DANYCH-DZIECKA-W-SWIETLICY-SZKOLNEJ-25-26.pdf\">AKTUALIZACJA DANYCH DZIECKA W \u015aWIETLICY SZKOLNEJ 25 26<\/a><\/strong><\/p>\n<p><a href=\"https:\/\/zsp25.edu.wroclaw.pl\/wp-content\/uploads\/sites\/77\/2026\/03\/druk_opieki_przerwa_swiateczna.docx\">Druk_opieki_przerwa_\u015bwi\u0105teczna<\/a><\/p>\n<p><a href=\"https:\/\/zsp25.edu.wroclaw.pl\/wp-content\/uploads\/sites\/77\/2026\/04\/druk_opieki_dni_wolne_od_zajec_dydaktycznych_11_13.05.26.doc\">Druk opieki dni wolne od zaj\u0119\u0107 dydaktycznych 11-13.05.26<\/a>[\/vc_column_text][vc_separator color=&#8221;black&#8221; border_width=&#8221;3&#8243; css=&#8221;&#8221;][\/vc_column][\/vc_row][vc_row][vc_column][vc_basic_grid post_type=&#8221;post&#8221; max_items=&#8221;10&#8243; css=&#8221;&#8221; grid_id=&#8221;vc_gid:1776662648246-e07f06a4-fa89-3&#8243; taxonomies=&#8221;17&#8243;][\/vc_column][\/vc_row][vc_row][vc_column][\/vc_column][\/vc_row]<\/p>\n<\/div>","protected":false},"excerpt":{"rendered":"<p>[vc_row][vc_column][vc_column_text css=&#8221;&#8221;]DOKUMENTY: KARTA ZAPISU DZIECKA DO \u015aWIETLICY Rezygnacja z pobytu ucznia w \u015bwietlicy szkolnej Regulamin \u015bwietlicy szkolnej Za\u0142\u0105cznik nr 3 do regulaminu \u015bwietlicy szkolnej Regulamin systemu Neonki AKTUALIZACJA DANYCH DZIECKA [&hellip;]<\/p>\n","protected":false},"author":7,"featured_media":0,"parent":63,"menu_order":0,"comment_status":"closed","ping_status":"closed","template":"","meta":{"footnotes":""},"class_list":["post-3332","page","type-page","status-publish","hentry","clearfix"],"_links":{"self":[{"href":"https:\/\/zsp25.edu.wroclaw.pl\/index.php\/wp-json\/wp\/v2\/pages\/3332","targetHints":{"allow":["GET"]}}],"collection":[{"href":"https:\/\/zsp25.edu.wroclaw.pl\/index.php\/wp-json\/wp\/v2\/pages"}],"about":[{"href":"https:\/\/zsp25.edu.wroclaw.pl\/index.php\/wp-json\/wp\/v2\/types\/page"}],"author":[{"embeddable":true,"href":"https:\/\/zsp25.edu.wroclaw.pl\/index.php\/wp-json\/wp\/v2\/users\/7"}],"replies":[{"embeddable":true,"href":"https:\/\/zsp25.edu.wroclaw.pl\/index.php\/wp-json\/wp\/v2\/comments?post=3332"}],"version-history":[{"count":16,"href":"https:\/\/zsp25.edu.wroclaw.pl\/index.php\/wp-json\/wp\/v2\/pages\/3332\/revisions"}],"predecessor-version":[{"id":8263,"href":"https:\/\/zsp25.edu.wroclaw.pl\/index.php\/wp-json\/wp\/v2\/pages\/3332\/revisions\/8263"}],"up":[{"embeddable":true,"href":"https:\/\/zsp25.edu.wroclaw.pl\/index.php\/wp-json\/wp\/v2\/pages\/63"}],"wp:attachment":[{"href":"https:\/\/zsp25.edu.wroclaw.pl\/index.php\/wp-json\/wp\/v2\/media?parent=3332"}],"curies":[{"name":"wp","href":"https:\/\/api.w.org\/{rel}","templated":true}]}}