
{"id":378,"date":"2023-09-27T12:21:18","date_gmt":"2023-09-27T10:21:18","guid":{"rendered":"https:\/\/zsp25.edu.wroclaw.pl\/?page_id=378"},"modified":"2025-10-05T16:57:12","modified_gmt":"2025-10-05T14:57:12","slug":"rada-rodzicow","status":"publish","type":"page","link":"https:\/\/zsp25.edu.wroclaw.pl\/index.php\/szkola-podstawowa\/rada-rodzicow\/","title":{"rendered":"Rada Rodzic\u00f3w"},"content":{"rendered":"<div class=\"wpb-content-wrapper\"><p>[vc_row][vc_column][vc_column_text css=&#8221;&#8221;]<\/p>\n<div><b><u>Prezydium Rady Rodzic\u00f3w 2025\/2026:<\/u><\/b><\/div>\n<div>\n<table border=\"0\" width=\"497\" cellspacing=\"0\" cellpadding=\"0\">\n<tbody>\n<tr>\n<td class=\"x_gmail-xl68\" width=\"88\" height=\"21\"><strong>Marta<\/strong><\/td>\n<td class=\"x_gmail-xl67\" width=\"198\"><strong>Kanus<\/strong><\/td>\n<td class=\"x_gmail-xl71\" width=\"211\"><span style=\"color: #003300\">Przewodnicz\u0105ca Rady Rodzic\u00f3w<\/span><\/td>\n<\/tr>\n<tr>\n<td class=\"x_gmail-xl68\" height=\"21\"><strong>Dariusz<\/strong><\/td>\n<td class=\"x_gmail-xl67\"><strong>Findura<\/strong><\/td>\n<td class=\"x_gmail-xl71\"><span style=\"color: #003300\">Vice Przewodnicz\u0105cy &#8211; klasy 1-3<\/span><\/td>\n<\/tr>\n<tr>\n<td class=\"x_gmail-xl68\" height=\"21\"><strong>Magdalena<\/strong><\/td>\n<td class=\"x_gmail-xl67\"><strong>Zwolak<\/strong><\/td>\n<td class=\"x_gmail-xl71\"><span style=\"color: #003300\">Vice Przewodnicz\u0105ca &#8211; klasy 4-8<\/span><\/td>\n<\/tr>\n<tr>\n<td class=\"x_gmail-xl69\" height=\"21\"><strong>Iwona\u00a0<\/strong><\/td>\n<td class=\"x_gmail-xl70\"><strong>Roma\u0144ska<\/strong><\/td>\n<td class=\"x_gmail-xl71\"><span style=\"color: #003300\">Sekretarz<\/span><\/td>\n<\/tr>\n<tr>\n<td class=\"x_gmail-xl74\" height=\"21\"><strong>Ma\u0142gorzata<\/strong><\/td>\n<td class=\"x_gmail-xl74\"><strong>Halec<\/strong><\/td>\n<td class=\"x_gmail-xl71\"><span style=\"color: #003300\">Skarbnik<\/span><\/td>\n<\/tr>\n<\/tbody>\n<\/table>\n<\/div>\n<div><\/div>\n<div><b>E-mail:\u00a0<\/b><a href=\"mailto:radarodzicow.sp11.wroc@gmail.com\" target=\"_blank\" rel=\"noopener noreferrer\">radarodzicow.sp11.wroc@gmail.com<\/a><\/div>\n<div><\/div>\n<div><b>Konto bankowe RR:\u00a0<\/b><\/div>\n<div><a href=\"https:\/\/zsp25.edu.wroclaw.pl\/wp-content\/uploads\/sites\/77\/2023\/11\/Newsy-z-RR_nr1_Fundusz-Rady-Rodzicow.pdf\">Newsy z RR_nr1_Fundusz Rady Rodzic\u00f3w<\/a><\/div>\n<div><a href=\"https:\/\/zsp25.edu.wroclaw.pl\/wp-content\/uploads\/sites\/77\/2023\/11\/Regulamin-Rady-Rodzicow-SP-Nr-11-z-dnia-25.10.2023.pdf\">Regulamin Rady Rodzic\u00f3w SP Nr 11 z dnia 25.10.2023<\/a><\/div>\n<div><a href=\"https:\/\/zsp25.edu.wroclaw.pl\/wp-content\/uploads\/sites\/77\/2023\/11\/Zalacznik-1_Podanie-o-dofinansowanie-ucznia.pdf\">Za\u0142\u0105cznik 1_Podanie o dofinansowanie ucznia<\/a><\/div>\n<div><a href=\"https:\/\/zsp25.edu.wroclaw.pl\/wp-content\/uploads\/sites\/77\/2023\/11\/Zalacznik-2_Podanie-o-dofinansowanie-eventu.pdf\">Za\u0142\u0105cznik 2_Podanie o dofinansowanie eventu<\/a><\/div>\n<div><a href=\"https:\/\/zsp25.edu.wroclaw.pl\/wp-content\/uploads\/sites\/77\/2023\/11\/Zalacznik-3_Podanie-o-dofinansowanie-zakupu-wyposazenia.pdf\">Za\u0142\u0105cznik 3_Podanie o dofinansowanie zakupu wyposa\u017cenia<\/a><\/div>\n<p>[\/vc_column_text][\/vc_column][\/vc_row]<\/p>\n<\/div>","protected":false},"excerpt":{"rendered":"<p>[vc_row][vc_column][vc_column_text css=&#8221;&#8221;] Prezydium Rady Rodzic\u00f3w 2025\/2026: Marta Kanus Przewodnicz\u0105ca Rady Rodzic\u00f3w Dariusz Findura Vice Przewodnicz\u0105cy &#8211; klasy 1-3 Magdalena Zwolak Vice Przewodnicz\u0105ca &#8211; klasy 4-8 Iwona\u00a0 Roma\u0144ska Sekretarz Ma\u0142gorzata Halec [&hellip;]<\/p>\n","protected":false},"author":7,"featured_media":0,"parent":63,"menu_order":0,"comment_status":"closed","ping_status":"closed","template":"","meta":{"footnotes":""},"class_list":["post-378","page","type-page","status-publish","hentry","clearfix"],"_links":{"self":[{"href":"https:\/\/zsp25.edu.wroclaw.pl\/index.php\/wp-json\/wp\/v2\/pages\/378","targetHints":{"allow":["GET"]}}],"collection":[{"href":"https:\/\/zsp25.edu.wroclaw.pl\/index.php\/wp-json\/wp\/v2\/pages"}],"about":[{"href":"https:\/\/zsp25.edu.wroclaw.pl\/index.php\/wp-json\/wp\/v2\/types\/page"}],"author":[{"embeddable":true,"href":"https:\/\/zsp25.edu.wroclaw.pl\/index.php\/wp-json\/wp\/v2\/users\/7"}],"replies":[{"embeddable":true,"href":"https:\/\/zsp25.edu.wroclaw.pl\/index.php\/wp-json\/wp\/v2\/comments?post=378"}],"version-history":[{"count":6,"href":"https:\/\/zsp25.edu.wroclaw.pl\/index.php\/wp-json\/wp\/v2\/pages\/378\/revisions"}],"predecessor-version":[{"id":6546,"href":"https:\/\/zsp25.edu.wroclaw.pl\/index.php\/wp-json\/wp\/v2\/pages\/378\/revisions\/6546"}],"up":[{"embeddable":true,"href":"https:\/\/zsp25.edu.wroclaw.pl\/index.php\/wp-json\/wp\/v2\/pages\/63"}],"wp:attachment":[{"href":"https:\/\/zsp25.edu.wroclaw.pl\/index.php\/wp-json\/wp\/v2\/media?parent=378"}],"curies":[{"name":"wp","href":"https:\/\/api.w.org\/{rel}","templated":true}]}}