
{"id":67,"date":"2023-05-10T13:02:12","date_gmt":"2023-05-10T11:02:12","guid":{"rendered":"https:\/\/zsp25.edu.wroclaw.pl\/?page_id=67"},"modified":"2025-12-23T13:30:52","modified_gmt":"2025-12-23T12:30:52","slug":"rada-rodzicow","status":"publish","type":"page","link":"https:\/\/zsp25.edu.wroclaw.pl\/index.php\/przedszkole\/rada-rodzicow\/","title":{"rendered":"Dla rodzic\u00f3w"},"content":{"rendered":"<div class=\"wpb-content-wrapper\"><p>[vc_row][vc_column][vc_column_text css=&#8221;&#8221;]<span style=\"color: #3366ff\"><strong>RADA RODZIC\u00d3W 2025\/2026<\/strong><\/span><\/p>\n<p><strong>przewodnicz\u0105cy: p. Mateusz Mitkiewicz gr. VI<\/strong><\/p>\n<p><strong>z- ca przewodnicz\u0105cego: p. Karolina Farmakis, gr. II<\/strong><\/p>\n<p><strong>skarbnik: p. Aleksandra W\u0119grzyn, gr. V<\/strong><\/p>\n<p>&nbsp;<\/p>\n<p>&nbsp;<\/p>\n<p>[\/vc_column_text][\/vc_column][\/vc_row]<\/p>\n<\/div>","protected":false},"excerpt":{"rendered":"<p>[vc_row][vc_column][vc_column_text css=&#8221;&#8221;]RADA RODZIC\u00d3W 2025\/2026 przewodnicz\u0105cy: p. Mateusz Mitkiewicz gr. VI z- ca przewodnicz\u0105cego: p. Karolina Farmakis, gr. II skarbnik: p. Aleksandra W\u0119grzyn, gr. V &nbsp; &nbsp; [\/vc_column_text][\/vc_column][\/vc_row]<\/p>\n","protected":false},"author":7,"featured_media":558,"parent":61,"menu_order":0,"comment_status":"closed","ping_status":"closed","template":"","meta":{"footnotes":""},"class_list":["post-67","page","type-page","status-publish","has-post-thumbnail","hentry","clearfix"],"_links":{"self":[{"href":"https:\/\/zsp25.edu.wroclaw.pl\/index.php\/wp-json\/wp\/v2\/pages\/67","targetHints":{"allow":["GET"]}}],"collection":[{"href":"https:\/\/zsp25.edu.wroclaw.pl\/index.php\/wp-json\/wp\/v2\/pages"}],"about":[{"href":"https:\/\/zsp25.edu.wroclaw.pl\/index.php\/wp-json\/wp\/v2\/types\/page"}],"author":[{"embeddable":true,"href":"https:\/\/zsp25.edu.wroclaw.pl\/index.php\/wp-json\/wp\/v2\/users\/7"}],"replies":[{"embeddable":true,"href":"https:\/\/zsp25.edu.wroclaw.pl\/index.php\/wp-json\/wp\/v2\/comments?post=67"}],"version-history":[{"count":11,"href":"https:\/\/zsp25.edu.wroclaw.pl\/index.php\/wp-json\/wp\/v2\/pages\/67\/revisions"}],"predecessor-version":[{"id":7509,"href":"https:\/\/zsp25.edu.wroclaw.pl\/index.php\/wp-json\/wp\/v2\/pages\/67\/revisions\/7509"}],"up":[{"embeddable":true,"href":"https:\/\/zsp25.edu.wroclaw.pl\/index.php\/wp-json\/wp\/v2\/pages\/61"}],"wp:featuredmedia":[{"embeddable":true,"href":"https:\/\/zsp25.edu.wroclaw.pl\/index.php\/wp-json\/wp\/v2\/media\/558"}],"wp:attachment":[{"href":"https:\/\/zsp25.edu.wroclaw.pl\/index.php\/wp-json\/wp\/v2\/media?parent=67"}],"curies":[{"name":"wp","href":"https:\/\/api.w.org\/{rel}","templated":true}]}}