
{"id":80,"date":"2023-05-10T13:45:13","date_gmt":"2023-05-10T11:45:13","guid":{"rendered":"https:\/\/zsp25.edu.wroclaw.pl\/?page_id=80"},"modified":"2026-04-20T08:10:50","modified_gmt":"2026-04-20T06:10:50","slug":"jadlospis","status":"publish","type":"page","link":"https:\/\/zsp25.edu.wroclaw.pl\/index.php\/przedszkole\/jadlospis\/","title":{"rendered":"Jad\u0142ospis"},"content":{"rendered":"<div class=\"wpb-content-wrapper\"><p>[vc_row][vc_column][vc_column_text css=&#8221;&#8221;]<span style=\"color: #ff6600\"><a style=\"color: #ff6600\" href=\"https:\/\/zsp25.edu.wroclaw.pl\/wp-content\/uploads\/sites\/77\/2026\/04\/Przedszkole-Asfaltowa_MAJ_2026.pdf\" target=\"_blank\" rel=\"noopener\"><strong>MAJ<\/strong><\/a><\/span><\/p>\n<p><a href=\"https:\/\/zsp25.edu.wroclaw.pl\/wp-content\/uploads\/sites\/77\/2026\/03\/Przedszkole-Asfaltowa_KWIECIEN_2026.pdf\" target=\"_blank\" rel=\"noopener\"><strong><span style=\"color: #99cc00\">KWIECIE\u0143<\/span><\/strong><\/a><\/p>\n<p><span style=\"color: #008080\"><a style=\"color: #008080\" href=\"https:\/\/zsp25.edu.wroclaw.pl\/wp-content\/uploads\/sites\/77\/2026\/02\/Przedszkole-Asfaltowa_MARZEC_2026.pdf\" target=\"_blank\" rel=\"noopener\"><strong>MARZEC<\/strong><\/a><\/span><\/p>\n<p><a href=\"https:\/\/zsp25.edu.wroclaw.pl\/wp-content\/uploads\/sites\/77\/2026\/01\/Przedszkole-Asfaltowa_LUTY_2026.pdf\" target=\"_blank\" rel=\"noopener\"><span style=\"color: #993300\"><strong>LUTY<\/strong><\/span><\/a><\/p>\n<p><a href=\"https:\/\/zsp25.edu.wroclaw.pl\/wp-content\/uploads\/sites\/77\/2025\/12\/Przedszkole-Asfaltowa_STYCZEN_2026.pdf\" target=\"_blank\" rel=\"noopener\"><span style=\"color: #ff00ff\"><strong>STYCZE\u0143<\/strong><\/span><\/a><\/p>\n<p><a href=\"https:\/\/zsp25.edu.wroclaw.pl\/wp-content\/uploads\/sites\/77\/2025\/12\/Przedszkole-Asfaltowa_GRUDZIEN_-2025.pdf\" target=\"_blank\" rel=\"noopener\"><span style=\"color: #0000ff\"><strong>GRUDZIE\u0143<\/strong><\/span><\/a><\/p>\n<p><a href=\"https:\/\/zsp25.edu.wroclaw.pl\/wp-content\/uploads\/sites\/77\/2025\/11\/Przedszkole-Asfaltowa_LISTOPAD_-2025.pdf\" target=\"_blank\" rel=\"noopener\"><span style=\"color: #ff0000\"><strong>LISTOPAD<\/strong><\/span><\/a><\/p>\n<p><a href=\"https:\/\/zsp25.edu.wroclaw.pl\/wp-content\/uploads\/sites\/77\/2025\/09\/Przedszkole-Asfaltowa_PAZDZIERNIK_-2025.pdf\" target=\"_blank\" rel=\"noopener\"><span style=\"color: #993300\"><strong>PA\u0179DZIERNIK<\/strong><\/span><\/a><\/p>\n<p><a href=\"https:\/\/zsp25.edu.wroclaw.pl\/wp-content\/uploads\/sites\/77\/2025\/08\/Przedszkole-Asfaltowa_wrzesien-2025.pdf\" target=\"_blank\" rel=\"noopener\"><span style=\"color: #ff6600\"><strong>WRZESIE\u0143<\/strong><\/span><\/a>[\/vc_column_text][\/vc_column][\/vc_row]<\/p>\n<\/div>","protected":false},"excerpt":{"rendered":"<p>[vc_row][vc_column][vc_column_text css=&#8221;&#8221;]MAJ KWIECIE\u0143 MARZEC LUTY STYCZE\u0143 GRUDZIE\u0143 LISTOPAD PA\u0179DZIERNIK WRZESIE\u0143[\/vc_column_text][\/vc_column][\/vc_row]<\/p>\n","protected":false},"author":7,"featured_media":0,"parent":61,"menu_order":0,"comment_status":"closed","ping_status":"closed","template":"","meta":{"footnotes":""},"class_list":["post-80","page","type-page","status-publish","hentry","clearfix"],"_links":{"self":[{"href":"https:\/\/zsp25.edu.wroclaw.pl\/index.php\/wp-json\/wp\/v2\/pages\/80","targetHints":{"allow":["GET"]}}],"collection":[{"href":"https:\/\/zsp25.edu.wroclaw.pl\/index.php\/wp-json\/wp\/v2\/pages"}],"about":[{"href":"https:\/\/zsp25.edu.wroclaw.pl\/index.php\/wp-json\/wp\/v2\/types\/page"}],"author":[{"embeddable":true,"href":"https:\/\/zsp25.edu.wroclaw.pl\/index.php\/wp-json\/wp\/v2\/users\/7"}],"replies":[{"embeddable":true,"href":"https:\/\/zsp25.edu.wroclaw.pl\/index.php\/wp-json\/wp\/v2\/comments?post=80"}],"version-history":[{"count":40,"href":"https:\/\/zsp25.edu.wroclaw.pl\/index.php\/wp-json\/wp\/v2\/pages\/80\/revisions"}],"predecessor-version":[{"id":8267,"href":"https:\/\/zsp25.edu.wroclaw.pl\/index.php\/wp-json\/wp\/v2\/pages\/80\/revisions\/8267"}],"up":[{"embeddable":true,"href":"https:\/\/zsp25.edu.wroclaw.pl\/index.php\/wp-json\/wp\/v2\/pages\/61"}],"wp:attachment":[{"href":"https:\/\/zsp25.edu.wroclaw.pl\/index.php\/wp-json\/wp\/v2\/media?parent=80"}],"curies":[{"name":"wp","href":"https:\/\/api.w.org\/{rel}","templated":true}]}}