
{"id":82,"date":"2023-05-10T13:47:16","date_gmt":"2023-05-10T11:47:16","guid":{"rendered":"https:\/\/zsp25.edu.wroclaw.pl\/?page_id=82"},"modified":"2026-03-18T10:39:54","modified_gmt":"2026-03-18T09:39:54","slug":"dokumenty-i-procedury","status":"publish","type":"page","link":"https:\/\/zsp25.edu.wroclaw.pl\/index.php\/przedszkole\/dokumenty-i-procedury\/","title":{"rendered":"Dokumenty i procedury"},"content":{"rendered":"<div class=\"wpb-content-wrapper\"><p>[vc_row][vc_column][vc_column_text css=&#8221;&#8221;]<\/p>\n<ul>\n<li><span style=\"color: #008000\"><a style=\"color: #008000\" href=\"https:\/\/zsp25.edu.wroclaw.pl\/wp-content\/uploads\/sites\/77\/2024\/09\/statut-przedszkola-P111.pdf\">Statut Przedszkola P111<\/a><\/span><\/li>\n<li><a href=\"https:\/\/zsp25.edu.wroclaw.pl\/wp-content\/uploads\/sites\/77\/2025\/09\/PROCEDURY-BEZPIECZENSTWA.pdf\" target=\"_blank\" rel=\"noopener\"><span style=\"color: #008000\">Procedury bezpiecze\u0144stwa w Przedszkolu nr 111<\/span><\/a><\/li>\n<li><a href=\"https:\/\/zsp25.edu.wroclaw.pl\/wp-content\/uploads\/sites\/77\/2025\/09\/PROCEDURA-WYDAWANIA-INFORMACJI-O-DZIECKU.pdf\" target=\"_blank\" rel=\"noopener\"><span style=\"color: #339966\"><span style=\"color: #339966\"><span style=\"color: #008000\">Procedura wydawania informacji o dziecku w Przedszkolu nr 111<\/span><\/span><\/span><\/a><\/li>\n<li><span style=\"color: #008000\"><a style=\"color: #008000\" href=\"https:\/\/zsp25.edu.wroclaw.pl\/wp-content\/uploads\/sites\/77\/2024\/10\/PODSTAWA-PROGRAMOWA.pdf\" target=\"_blank\" rel=\"noopener\">Podstawa programowa<\/a><\/span><\/li>\n<li><span style=\"color: #008000\"><a style=\"color: #008000\" href=\"https:\/\/zsp25.edu.wroclaw.pl\/wp-content\/uploads\/sites\/77\/2024\/09\/Standardy-ochrony-maloletnich-nowa-wersja-2-1.pdf\">Standardy ochrony ma\u0142oletnich nowa wersja (2) (1)<\/a><\/span><\/li>\n<li><span style=\"color: #008000\"><a style=\"color: #008000\" href=\"https:\/\/zsp25.edu.wroclaw.pl\/wp-content\/uploads\/sites\/77\/2024\/06\/ADAPTACJA-DZIECKA-DO-PRZEDSZKOLA-dla-rodzicow.pdf\">ADAPTACJA DZIECKA DO PRZEDSZKOLA-dla rodzic\u00f3w<\/a><\/span><\/li>\n<\/ul>\n<p>&nbsp;<\/p>\n<p><span style=\"font-size: 20px\">Formularze:<\/span><\/p>\n<ul>\n<li><span style=\"color: #0000ff\"><a style=\"color: #0000ff\" href=\"https:\/\/zsp25.edu.wroclaw.pl\/wp-content\/uploads\/sites\/77\/2025\/07\/DEKLARACJA.pdf\" target=\"_blank\" rel=\"noopener\">Deklaracja korzystania z us\u0142ug przedszkola<\/a><\/span><\/li>\n<li><a href=\"https:\/\/zsp25.edu.wroclaw.pl\/wp-content\/uploads\/sites\/77\/2025\/08\/Karta-do-odbioru-dziecka-z-przedszkola.pdf\" target=\"_blank\" rel=\"noopener\"><span style=\"color: #0000ff\">Karta odbioru dziecka z przedszkola<\/span><\/a><\/li>\n<li><a href=\"https:\/\/zsp25.edu.wroclaw.pl\/wp-content\/uploads\/sites\/77\/2025\/07\/Klauzula-edukacja-dziecka-w-placowce.pdf\" target=\"_blank\" rel=\"noopener\"><span style=\"color: #0000ff\">Klauzula<\/span><\/a><\/li>\n<li><span style=\"color: #0000ff\"><a style=\"color: #0000ff\" href=\"https:\/\/zsp25.edu.wroclaw.pl\/wp-content\/uploads\/sites\/77\/2025\/07\/Zgoda-na-wizerunek-na-www-i-gazetke-szkolna.pdf\" target=\"_blank\" rel=\"noopener\">Zgoda na wizerunek<\/a><\/span><\/li>\n<li><span style=\"color: #0000ff\"><a style=\"color: #0000ff\" href=\"https:\/\/zsp25.edu.wroclaw.pl\/wp-content\/uploads\/sites\/77\/2024\/06\/Oswiadczenie-o-rodzinie-wielodzietnej-zwolnienie-z-oplaty-stalej.pdf\">O\u015bwiadczenie o rodzinie wielodzietnej-zwolnienie z op\u0142aty sta\u0142ej<\/a><\/span><\/li>\n<li><span style=\"color: #0000ff\"><a style=\"color: #0000ff\" href=\"https:\/\/zsp25.edu.wroclaw.pl\/wp-content\/uploads\/sites\/77\/2026\/03\/wniosek-o-objecie-pomoca-PPP.doc\" target=\"_blank\" rel=\"noopener\">Wniosek o obj\u0119cie pomoc\u0105 psychologicznop-pedagogiczn\u0105<\/a><\/span><\/li>\n<\/ul>\n<p>[\/vc_column_text][\/vc_column][\/vc_row]<\/p>\n<\/div>","protected":false},"excerpt":{"rendered":"<p>[vc_row][vc_column][vc_column_text css=&#8221;&#8221;] Statut Przedszkola P111 Procedury bezpiecze\u0144stwa w Przedszkolu nr 111 Procedura wydawania informacji o dziecku w Przedszkolu nr 111 Podstawa programowa Standardy ochrony ma\u0142oletnich nowa wersja (2) (1) ADAPTACJA [&hellip;]<\/p>\n","protected":false},"author":7,"featured_media":0,"parent":61,"menu_order":0,"comment_status":"closed","ping_status":"closed","template":"","meta":{"footnotes":""},"class_list":["post-82","page","type-page","status-publish","hentry","clearfix"],"_links":{"self":[{"href":"https:\/\/zsp25.edu.wroclaw.pl\/index.php\/wp-json\/wp\/v2\/pages\/82","targetHints":{"allow":["GET"]}}],"collection":[{"href":"https:\/\/zsp25.edu.wroclaw.pl\/index.php\/wp-json\/wp\/v2\/pages"}],"about":[{"href":"https:\/\/zsp25.edu.wroclaw.pl\/index.php\/wp-json\/wp\/v2\/types\/page"}],"author":[{"embeddable":true,"href":"https:\/\/zsp25.edu.wroclaw.pl\/index.php\/wp-json\/wp\/v2\/users\/7"}],"replies":[{"embeddable":true,"href":"https:\/\/zsp25.edu.wroclaw.pl\/index.php\/wp-json\/wp\/v2\/comments?post=82"}],"version-history":[{"count":33,"href":"https:\/\/zsp25.edu.wroclaw.pl\/index.php\/wp-json\/wp\/v2\/pages\/82\/revisions"}],"predecessor-version":[{"id":8036,"href":"https:\/\/zsp25.edu.wroclaw.pl\/index.php\/wp-json\/wp\/v2\/pages\/82\/revisions\/8036"}],"up":[{"embeddable":true,"href":"https:\/\/zsp25.edu.wroclaw.pl\/index.php\/wp-json\/wp\/v2\/pages\/61"}],"wp:attachment":[{"href":"https:\/\/zsp25.edu.wroclaw.pl\/index.php\/wp-json\/wp\/v2\/media?parent=82"}],"curies":[{"name":"wp","href":"https:\/\/api.w.org\/{rel}","templated":true}]}}