
{"id":84,"date":"2023-05-10T13:50:53","date_gmt":"2023-05-10T11:50:53","guid":{"rendered":"https:\/\/zsp25.edu.wroclaw.pl\/?page_id=84"},"modified":"2024-08-21T20:59:43","modified_gmt":"2024-08-21T18:59:43","slug":"wizja-i-misja-przedszkola","status":"publish","type":"page","link":"https:\/\/zsp25.edu.wroclaw.pl\/index.php\/przedszkole\/wizja-i-misja-przedszkola\/","title":{"rendered":"Wizja i Misja przedszkola"},"content":{"rendered":"<p><img loading=\"lazy\" decoding=\"async\" class=\"alignnone size-medium wp-image-3309\" src=\"https:\/\/zsp25.edu.wroclaw.pl\/wp-content\/uploads\/sites\/77\/2024\/08\/Asfaltowa-69-300x200.jpg\" alt=\"\" width=\"300\" height=\"200\" srcset=\"https:\/\/zsp25.edu.wroclaw.pl\/wp-content\/uploads\/sites\/77\/2024\/08\/Asfaltowa-69-300x200.jpg 300w, https:\/\/zsp25.edu.wroclaw.pl\/wp-content\/uploads\/sites\/77\/2024\/08\/Asfaltowa-69-1024x682.jpg 1024w, https:\/\/zsp25.edu.wroclaw.pl\/wp-content\/uploads\/sites\/77\/2024\/08\/Asfaltowa-69-768x512.jpg 768w, https:\/\/zsp25.edu.wroclaw.pl\/wp-content\/uploads\/sites\/77\/2024\/08\/Asfaltowa-69-1536x1023.jpg 1536w, https:\/\/zsp25.edu.wroclaw.pl\/wp-content\/uploads\/sites\/77\/2024\/08\/Asfaltowa-69-2048x1364.jpg 2048w\" sizes=\"auto, (max-width: 300px) 100vw, 300px\" \/><img loading=\"lazy\" decoding=\"async\" class=\"alignnone size-medium wp-image-3310\" src=\"https:\/\/zsp25.edu.wroclaw.pl\/wp-content\/uploads\/sites\/77\/2024\/08\/Asfaltowa-77-300x200.jpg\" alt=\"\" width=\"300\" height=\"200\" srcset=\"https:\/\/zsp25.edu.wroclaw.pl\/wp-content\/uploads\/sites\/77\/2024\/08\/Asfaltowa-77-300x200.jpg 300w, https:\/\/zsp25.edu.wroclaw.pl\/wp-content\/uploads\/sites\/77\/2024\/08\/Asfaltowa-77-1024x682.jpg 1024w, https:\/\/zsp25.edu.wroclaw.pl\/wp-content\/uploads\/sites\/77\/2024\/08\/Asfaltowa-77-768x512.jpg 768w, https:\/\/zsp25.edu.wroclaw.pl\/wp-content\/uploads\/sites\/77\/2024\/08\/Asfaltowa-77-1536x1023.jpg 1536w, https:\/\/zsp25.edu.wroclaw.pl\/wp-content\/uploads\/sites\/77\/2024\/08\/Asfaltowa-77-2048x1364.jpg 2048w\" sizes=\"auto, (max-width: 300px) 100vw, 300px\" \/><\/p>\n<p>&nbsp;<\/p>\n<p class=\"textCenter\">Przedszkole nr 111 we Wroc\u0142awiu\u00a0 pozwala dziecku realizowa\u0107 si\u0119 tw\u00f3rczo w podejmowaniu r\u00f3\u017cnorodnych form<br \/>\ni aspekt\u00f3w sztuki szeroko rozumianej. W\u00a0 tym miejscu ka\u017cdy b\u0119dzie czu\u0142 si\u0119 wa\u017cny, a dzieci otrzymaj\u0105 nasze wsparcie i poczucie bezpiecze\u0144stwa. Wyr\u00f3\u017cnia nas otwarto\u015b\u0107 na potrzeby dziecka. Pragniemy w ka\u017cdym dziecku rozbudza\u0107 ciekawo\u015b\u0107 \u015bwiata i ludzi, spostrzegawczo\u015b\u0107 i wra\u017cliwo\u015b\u0107.\u00a0 Chcemy rozwija\u0107 w dziecku wra\u017cliwo\u015b\u0107 na pi\u0119kno i wieloaspektowo\u015b\u0107 \u015bwiata, prze\u017cywa\u0107 go i na w\u0142asn\u0105 miar\u0119 przetwarza\u0107. W swoich dzia\u0142aniach kierujemy si\u0119 dobrem dziecka, preferujemy zasad\u0119 szcz\u0119\u015bliwego dzieci\u0144stwa, gdzie nauka jest zabaw\u0105,\u00a0 a zabawa przyjemno\u015bci\u0105.<\/p>\n<p>&nbsp;<\/p>\n","protected":false},"excerpt":{"rendered":"<p>&nbsp; Przedszkole nr 111 we Wroc\u0142awiu\u00a0 pozwala dziecku realizowa\u0107 si\u0119 tw\u00f3rczo w podejmowaniu r\u00f3\u017cnorodnych form i aspekt\u00f3w sztuki szeroko rozumianej. W\u00a0 tym miejscu ka\u017cdy b\u0119dzie czu\u0142 si\u0119 wa\u017cny, a dzieci [&hellip;]<\/p>\n","protected":false},"author":7,"featured_media":0,"parent":61,"menu_order":0,"comment_status":"closed","ping_status":"closed","template":"","meta":{"footnotes":""},"class_list":["post-84","page","type-page","status-publish","hentry","clearfix"],"_links":{"self":[{"href":"https:\/\/zsp25.edu.wroclaw.pl\/index.php\/wp-json\/wp\/v2\/pages\/84","targetHints":{"allow":["GET"]}}],"collection":[{"href":"https:\/\/zsp25.edu.wroclaw.pl\/index.php\/wp-json\/wp\/v2\/pages"}],"about":[{"href":"https:\/\/zsp25.edu.wroclaw.pl\/index.php\/wp-json\/wp\/v2\/types\/page"}],"author":[{"embeddable":true,"href":"https:\/\/zsp25.edu.wroclaw.pl\/index.php\/wp-json\/wp\/v2\/users\/7"}],"replies":[{"embeddable":true,"href":"https:\/\/zsp25.edu.wroclaw.pl\/index.php\/wp-json\/wp\/v2\/comments?post=84"}],"version-history":[{"count":5,"href":"https:\/\/zsp25.edu.wroclaw.pl\/index.php\/wp-json\/wp\/v2\/pages\/84\/revisions"}],"predecessor-version":[{"id":3311,"href":"https:\/\/zsp25.edu.wroclaw.pl\/index.php\/wp-json\/wp\/v2\/pages\/84\/revisions\/3311"}],"up":[{"embeddable":true,"href":"https:\/\/zsp25.edu.wroclaw.pl\/index.php\/wp-json\/wp\/v2\/pages\/61"}],"wp:attachment":[{"href":"https:\/\/zsp25.edu.wroclaw.pl\/index.php\/wp-json\/wp\/v2\/media?parent=84"}],"curies":[{"name":"wp","href":"https:\/\/api.w.org\/{rel}","templated":true}]}}