
{"id":91,"date":"2023-05-10T13:53:25","date_gmt":"2023-05-10T11:53:25","guid":{"rendered":"https:\/\/zsp25.edu.wroclaw.pl\/?page_id=91"},"modified":"2025-11-10T07:02:50","modified_gmt":"2025-11-10T06:02:50","slug":"programy-i-projekty","status":"publish","type":"page","link":"https:\/\/zsp25.edu.wroclaw.pl\/index.php\/przedszkole\/programy-i-projekty\/","title":{"rendered":"Programy i projekty"},"content":{"rendered":"<div class=\"wpb-content-wrapper\"><p>[vc_row][vc_column][vc_column_text css=&#8221;&#8221;]<\/p>\n<p style=\"text-align: left\"><span style=\"text-decoration: underline\"><span style=\"font-size: 24px;color: #ff6600;text-decoration: underline\">PROJEKTY I PROGRAMY EDUKACYJNE, W KT\u00d3RYCH BIERZEMY UDZIA\u0141<\/span><\/span><\/p>\n<p style=\"text-align: left\"><strong>1. <span style=\"font-size: 20px\">Projekt<span style=\"color: #993366\">\u00a0<\/span><\/span><\/strong><span style=\"font-size: 20px;color: #008000\"><strong>\u201eWielki Ma\u0142y Przedszkolak \u2013 rozw\u00f3j edukacji przedszkolnej w Gminie Wroc\u0142aw\u201d<\/strong><\/span><\/p>\n<p style=\"text-align: left\"><strong><img loading=\"lazy\" decoding=\"async\" class=\"alignnone wp-image-3456\" src=\"https:\/\/zsp25.edu.wroclaw.pl\/wp-content\/uploads\/sites\/77\/2024\/09\/Wielki-Maly-Przedszkolak-300x199.png\" alt=\"\" width=\"342\" height=\"227\" srcset=\"https:\/\/zsp25.edu.wroclaw.pl\/wp-content\/uploads\/sites\/77\/2024\/09\/Wielki-Maly-Przedszkolak-300x199.png 300w, https:\/\/zsp25.edu.wroclaw.pl\/wp-content\/uploads\/sites\/77\/2024\/09\/Wielki-Maly-Przedszkolak-1024x681.png 1024w, https:\/\/zsp25.edu.wroclaw.pl\/wp-content\/uploads\/sites\/77\/2024\/09\/Wielki-Maly-Przedszkolak-768x510.png 768w, https:\/\/zsp25.edu.wroclaw.pl\/wp-content\/uploads\/sites\/77\/2024\/09\/Wielki-Maly-Przedszkolak-1536x1021.png 1536w, https:\/\/zsp25.edu.wroclaw.pl\/wp-content\/uploads\/sites\/77\/2024\/09\/Wielki-Maly-Przedszkolak.png 1580w\" sizes=\"auto, (max-width: 342px) 100vw, 342px\" \/><\/strong><\/p>\n<p style=\"text-align: left\"><span style=\"font-size: 20px\"><strong>Szczeg\u00f3\u0142y projektu dost\u0119pne s\u0105\u00a0 na stronie internetowej<a href=\"https:\/\/www.ckz.edu.pl\/index.php\/wielki-maly-przedszkolak\/\" target=\"_blank\" rel=\"noopener\">\u00a0Centrum Kszta\u0142cenia Zawodowego<\/a><\/strong><\/span><\/p>\n<p style=\"text-align: left\"><strong><span style=\"font-size: 20px\"><span style=\"color: #000000\">2.<\/span> <span style=\"color: #993366\"><span style=\"color: #008000\">MALI WSPANIALI\u00a0<\/span><span style=\"color: #000000\">&#8211; <a href=\"https:\/\/mali-wspaniali.pl\/\" target=\"_blank\" rel=\"noopener\">o programie<\/a><\/span><\/span><\/span><\/strong><\/p>\n<p style=\"text-align: left\"><img loading=\"lazy\" decoding=\"async\" class=\"alignnone wp-image-3618 aligncenter\" src=\"https:\/\/zsp25.edu.wroclaw.pl\/wp-content\/uploads\/sites\/77\/2024\/10\/OIP.jpg\" alt=\"\" width=\"172\" height=\"172\" srcset=\"https:\/\/zsp25.edu.wroclaw.pl\/wp-content\/uploads\/sites\/77\/2024\/10\/OIP.jpg 300w, https:\/\/zsp25.edu.wroclaw.pl\/wp-content\/uploads\/sites\/77\/2024\/10\/OIP-150x150.jpg 150w\" sizes=\"auto, (max-width: 172px) 100vw, 172px\" \/><\/p>\n<p style=\"text-align: left\"><span style=\"color: #000000\"><strong><span style=\"font-size: 20px\">3.<span style=\"color: #008000\"> ROWEROWY MAJ<\/span> &#8211; <a href=\"https:\/\/rowerowymaj.eu\/wroclaw-2024\/\" target=\"_blank\" rel=\"noopener\">o kampanii<\/a><\/span><\/strong><\/span><\/p>\n<p style=\"text-align: left\"><img loading=\"lazy\" decoding=\"async\" class=\"alignnone wp-image-3620 aligncenter\" src=\"https:\/\/zsp25.edu.wroclaw.pl\/wp-content\/uploads\/sites\/77\/2024\/10\/rowerowy-maj.png\" alt=\"\" width=\"224\" height=\"128\" \/><\/p>\n<p style=\"text-align: left\"><span style=\"font-size: 20px\"><strong>4. Og\u00f3lnopolskie programy edukacyjne G\u0142\u00f3wnego Inspektoratu Sanitarnego<\/strong> :<\/span><\/p>\n<p style=\"text-align: left\"><strong><span style=\"color: #008000;font-size: 20px\">&#8211; Sk\u0105d si\u0119 bior\u0105 produkty ekologiczne?<\/span><\/strong><\/p>\n<p style=\"text-align: left\"><strong><span style=\"color: #008000;font-size: 20px\">&#8211; Czyste powietrze wok\u00f3\u0142 nas<\/span><\/strong><\/p>\n<h2 style=\"text-align: left\"><span style=\"font-size: 20px\">5. Wojew\u00f3dzki program edukacyjny <span style=\"color: #008000\">&#8222;LAURKA DLA MAMY &#8211; BADAJCIE SI\u0118 DROGIE MAMY, BO MY DZIECI WAS KOCHAMY&#8221;<\/span><\/span><\/h2>\n<p style=\"text-align: left\"><strong><span style=\"font-size: 20px\">6. <span style=\"color: #008000\">BOOKCROSSING<span style=\"color: #000000\">, CZYLI <em>UWOLNIJ KSI\u0104\u017bK\u0118 &#8211;\u00a0<span style=\"font-size: 16px\">SZERZENIE IDEI CZYTANIA<\/span><\/em><\/span><\/span><\/span><\/strong><\/p>\n<p style=\"text-align: left\"><span style=\"font-size: 20px\"><strong><img loading=\"lazy\" decoding=\"async\" class=\"wp-image-3943 aligncenter\" src=\"https:\/\/zsp25.edu.wroclaw.pl\/wp-content\/uploads\/sites\/77\/2024\/11\/logo-book-300x298.png\" alt=\"\" width=\"164\" height=\"163\" srcset=\"https:\/\/zsp25.edu.wroclaw.pl\/wp-content\/uploads\/sites\/77\/2024\/11\/logo-book-300x298.png 300w, https:\/\/zsp25.edu.wroclaw.pl\/wp-content\/uploads\/sites\/77\/2024\/11\/logo-book-150x150.png 150w, https:\/\/zsp25.edu.wroclaw.pl\/wp-content\/uploads\/sites\/77\/2024\/11\/logo-book.png 372w\" sizes=\"auto, (max-width: 164px) 100vw, 164px\" \/><\/strong><\/span><\/p>\n<p style=\"text-align: left\"><span style=\"font-size: 20px\"><strong>7.<\/strong> <span style=\"color: #008000\"><strong>SPRINTEM DO MARATONU &#8211;\u00a0<span style=\"color: #000000;font-size: 16px\">OG\u00d3LNOPOLSKA AKCJA PROMUJ\u0104CA AKTYWNY TRYB \u017bYCIA<\/span><\/strong><\/span><\/span><\/p>\n<p style=\"text-align: left\"><img loading=\"lazy\" decoding=\"async\" class=\"wp-image-3626 aligncenter\" src=\"https:\/\/zsp25.edu.wroclaw.pl\/wp-content\/uploads\/sites\/77\/2024\/10\/pobierz-baner-300x254.jpg\" alt=\"\" width=\"226\" height=\"191\" srcset=\"https:\/\/zsp25.edu.wroclaw.pl\/wp-content\/uploads\/sites\/77\/2024\/10\/pobierz-baner-300x254.jpg 300w, https:\/\/zsp25.edu.wroclaw.pl\/wp-content\/uploads\/sites\/77\/2024\/10\/pobierz-baner.jpg 600w\" sizes=\"auto, (max-width: 226px) 100vw, 226px\" \/><\/p>\n<p style=\"text-align: left\"><span style=\"font-size: 20px\"><strong>8. <span style=\"color: #008000\">AKADEMIA KROKIETA I LAMY<\/span>\u00a0<\/strong><\/span><\/p>\n<p style=\"text-align: left\">Celem programu jest wprowadzenie aktywno\u015bci fizycznej do zaj\u0119\u0107 &#8211; wspomaganie edukacji poprzez ruch.<\/p>\n<p><span style=\"font-size: 20px\"><strong><img loading=\"lazy\" decoding=\"async\" class=\"alignnone size-full wp-image-3886 aligncenter\" src=\"https:\/\/zsp25.edu.wroclaw.pl\/wp-content\/uploads\/sites\/77\/2024\/10\/OIP-2.jpg\" alt=\"\" width=\"183\" height=\"182\" srcset=\"https:\/\/zsp25.edu.wroclaw.pl\/wp-content\/uploads\/sites\/77\/2024\/10\/OIP-2.jpg 183w, https:\/\/zsp25.edu.wroclaw.pl\/wp-content\/uploads\/sites\/77\/2024\/10\/OIP-2-150x150.jpg 150w\" sizes=\"auto, (max-width: 183px) 100vw, 183px\" \/><\/strong><\/span><\/p>\n<p><span style=\"font-size: 20px\"><strong>8. <span style=\"color: #008000\">FITSCHOOL<\/span><\/strong><\/span><\/p>\n<p><img loading=\"lazy\" decoding=\"async\" class=\"wp-image-6931 aligncenter\" src=\"https:\/\/zsp25.edu.wroclaw.pl\/wp-content\/uploads\/sites\/77\/2025\/11\/568580216_1366213835299000_1262825796640007228_n-300x300.jpg\" alt=\"\" width=\"144\" height=\"144\" srcset=\"https:\/\/zsp25.edu.wroclaw.pl\/wp-content\/uploads\/sites\/77\/2025\/11\/568580216_1366213835299000_1262825796640007228_n-300x300.jpg 300w, https:\/\/zsp25.edu.wroclaw.pl\/wp-content\/uploads\/sites\/77\/2025\/11\/568580216_1366213835299000_1262825796640007228_n-1024x1024.jpg 1024w, https:\/\/zsp25.edu.wroclaw.pl\/wp-content\/uploads\/sites\/77\/2025\/11\/568580216_1366213835299000_1262825796640007228_n-150x150.jpg 150w, https:\/\/zsp25.edu.wroclaw.pl\/wp-content\/uploads\/sites\/77\/2025\/11\/568580216_1366213835299000_1262825796640007228_n-768x768.jpg 768w, https:\/\/zsp25.edu.wroclaw.pl\/wp-content\/uploads\/sites\/77\/2025\/11\/568580216_1366213835299000_1262825796640007228_n-1536x1536.jpg 1536w, https:\/\/zsp25.edu.wroclaw.pl\/wp-content\/uploads\/sites\/77\/2025\/11\/568580216_1366213835299000_1262825796640007228_n.jpg 1600w\" sizes=\"auto, (max-width: 144px) 100vw, 144px\" \/><\/p>\n<p>&nbsp;<\/p>\n<h4 style=\"text-align: left\"><\/h4>\n<p>[\/vc_column_text][\/vc_column][\/vc_row]<\/p>\n<\/div>","protected":false},"excerpt":{"rendered":"<p>[vc_row][vc_column][vc_column_text css=&#8221;&#8221;] PROJEKTY I PROGRAMY EDUKACYJNE, W KT\u00d3RYCH BIERZEMY UDZIA\u0141 1. Projekt\u00a0\u201eWielki Ma\u0142y Przedszkolak \u2013 rozw\u00f3j edukacji przedszkolnej w Gminie Wroc\u0142aw\u201d Szczeg\u00f3\u0142y projektu dost\u0119pne s\u0105\u00a0 na stronie internetowej\u00a0Centrum Kszta\u0142cenia Zawodowego [&hellip;]<\/p>\n","protected":false},"author":7,"featured_media":0,"parent":61,"menu_order":0,"comment_status":"closed","ping_status":"closed","template":"","meta":{"footnotes":""},"class_list":["post-91","page","type-page","status-publish","hentry","clearfix"],"_links":{"self":[{"href":"https:\/\/zsp25.edu.wroclaw.pl\/index.php\/wp-json\/wp\/v2\/pages\/91","targetHints":{"allow":["GET"]}}],"collection":[{"href":"https:\/\/zsp25.edu.wroclaw.pl\/index.php\/wp-json\/wp\/v2\/pages"}],"about":[{"href":"https:\/\/zsp25.edu.wroclaw.pl\/index.php\/wp-json\/wp\/v2\/types\/page"}],"author":[{"embeddable":true,"href":"https:\/\/zsp25.edu.wroclaw.pl\/index.php\/wp-json\/wp\/v2\/users\/7"}],"replies":[{"embeddable":true,"href":"https:\/\/zsp25.edu.wroclaw.pl\/index.php\/wp-json\/wp\/v2\/comments?post=91"}],"version-history":[{"count":22,"href":"https:\/\/zsp25.edu.wroclaw.pl\/index.php\/wp-json\/wp\/v2\/pages\/91\/revisions"}],"predecessor-version":[{"id":6932,"href":"https:\/\/zsp25.edu.wroclaw.pl\/index.php\/wp-json\/wp\/v2\/pages\/91\/revisions\/6932"}],"up":[{"embeddable":true,"href":"https:\/\/zsp25.edu.wroclaw.pl\/index.php\/wp-json\/wp\/v2\/pages\/61"}],"wp:attachment":[{"href":"https:\/\/zsp25.edu.wroclaw.pl\/index.php\/wp-json\/wp\/v2\/media?parent=91"}],"curies":[{"name":"wp","href":"https:\/\/api.w.org\/{rel}","templated":true}]}}